{"id":67,"date":"2024-04-04T16:47:25","date_gmt":"2024-04-04T16:47:25","guid":{"rendered":"https:\/\/seprolimza.com\/contact-us\/"},"modified":"2025-09-11T20:13:04","modified_gmt":"2025-09-11T20:13:04","slug":"contact-us","status":"publish","type":"page","link":"https:\/\/seprolimza.com\/en\/contact-us\/","title":{"rendered":"Contact Us"},"content":{"rendered":"\t\t<div data-elementor-type=\"wp-page\" data-elementor-id=\"67\" class=\"elementor elementor-67\" data-elementor-post-type=\"page\">\n\t\t\t\t<div class=\"elementor-element elementor-element-3776f1c8 e-con-full e-flex e-con e-parent\" data-id=\"3776f1c8\" data-element_type=\"container\" data-e-type=\"container\">\n\t\t<div class=\"elementor-element elementor-element-6ad31cf5 e-con-full animated-fast e-flex elementor-invisible e-con e-child\" data-id=\"6ad31cf5\" data-element_type=\"container\" data-e-type=\"container\" data-settings=\"{&quot;background_background&quot;:&quot;classic&quot;,&quot;animation&quot;:&quot;fadeInLeft&quot;}\">\n\t\t\t\t<div class=\"elementor-element elementor-element-4ee7fab0 elementor-widget elementor-widget-heading\" data-id=\"4ee7fab0\" data-element_type=\"widget\" data-e-type=\"widget\" data-widget_type=\"heading.default\">\n\t\t\t\t<div class=\"elementor-widget-container\">\n\t\t\t\t\t<h1 class=\"elementor-heading-title elementor-size-default\">Escr\u00edbenos<\/h1>\t\t\t\t<\/div>\n\t\t\t\t<\/div>\n\t\t\t\t<div class=\"elementor-element elementor-element-238229f8 elementor-widget elementor-widget-heading\" data-id=\"238229f8\" data-element_type=\"widget\" data-e-type=\"widget\" data-widget_type=\"heading.default\">\n\t\t\t\t<div class=\"elementor-widget-container\">\n\t\t\t\t\t<p class=\"elementor-heading-title elementor-size-default\">Nos encantar\u00eda escuchar sobre tu proyecto y ser parte de el<\/p>\t\t\t\t<\/div>\n\t\t\t\t<\/div>\n\t\t\t\t<\/div>\n\t\t<div class=\"elementor-element elementor-element-557c6f9e e-con-full animated-fast e-flex elementor-invisible e-con e-child\" data-id=\"557c6f9e\" data-element_type=\"container\" data-e-type=\"container\" data-settings=\"{&quot;animation&quot;:&quot;fadeInRight&quot;}\">\n\t\t\t\t<div class=\"elementor-element elementor-element-66247deb elementor-button-align-start elementor-tablet-button-align-center elementor-widget elementor-widget-form\" data-id=\"66247deb\" data-element_type=\"widget\" data-e-type=\"widget\" data-settings=\"{&quot;step_next_label&quot;:&quot;Next&quot;,&quot;step_previous_label&quot;:&quot;Previous&quot;,&quot;button_width&quot;:&quot;100&quot;,&quot;step_type&quot;:&quot;number_text&quot;,&quot;step_icon_shape&quot;:&quot;circle&quot;}\" data-widget_type=\"form.default\">\n\t\t\t\t<div class=\"elementor-widget-container\">\n\t\t\t\t\t\t\t<form class=\"elementor-form\" method=\"post\" name=\"Contact Form\" aria-label=\"Contact Form\">\n\t\t\t<input type=\"hidden\" name=\"post_id\" value=\"67\"\/>\n\t\t\t<input type=\"hidden\" name=\"form_id\" value=\"66247deb\"\/>\n\t\t\t<input type=\"hidden\" name=\"referer_title\" value=\"Contact Us - Seprolimza\" \/>\n\n\t\t\t\t\t\t\t<input type=\"hidden\" name=\"queried_id\" value=\"67\"\/>\n\t\t\t\n\t\t\t<div class=\"elementor-form-fields-wrapper elementor-labels-\">\n\t\t\t\t\t\t\t\t<div class=\"elementor-field-type-text elementor-field-group elementor-column elementor-field-group-name elementor-col-50 elementor-field-required\">\n\t\t\t\t\t\t\t\t\t\t\t\t<label for=\"form-field-name\" class=\"elementor-field-label elementor-screen-only\">\n\t\t\t\t\t\t\t\tTu Nombre\t\t\t\t\t\t\t<\/label>\n\t\t\t\t\t\t\t\t\t\t\t\t\t\t<input size=\"1\" type=\"text\" name=\"form_fields[name]\" id=\"form-field-name\" class=\"elementor-field elementor-size-sm  elementor-field-textual\" placeholder=\"Tu Nombre\" required=\"required\">\n\t\t\t\t\t\t\t\t\t\t\t<\/div>\n\t\t\t\t\t\t\t\t<div class=\"elementor-field-type-text elementor-field-group elementor-column elementor-field-group-field_b743cd7 elementor-col-50 elementor-field-required\">\n\t\t\t\t\t\t\t\t\t\t\t\t<label for=\"form-field-field_b743cd7\" class=\"elementor-field-label elementor-screen-only\">\n\t\t\t\t\t\t\t\tApellido\t\t\t\t\t\t\t<\/label>\n\t\t\t\t\t\t\t\t\t\t\t\t\t\t<input size=\"1\" type=\"text\" name=\"form_fields[field_b743cd7]\" id=\"form-field-field_b743cd7\" class=\"elementor-field elementor-size-sm  elementor-field-textual\" placeholder=\"Apellido\" required=\"required\">\n\t\t\t\t\t\t\t\t\t\t\t<\/div>\n\t\t\t\t\t\t\t\t<div class=\"elementor-field-type-tel elementor-field-group elementor-column elementor-field-group-field_6c180a9 elementor-col-50 elementor-field-required\">\n\t\t\t\t\t\t\t\t\t\t\t\t<label for=\"form-field-field_6c180a9\" class=\"elementor-field-label elementor-screen-only\">\n\t\t\t\t\t\t\t\tTelefonoNumber\t\t\t\t\t\t\t<\/label>\n\t\t\t\t\t\t\t\t<input size=\"1\" type=\"tel\" name=\"form_fields[field_6c180a9]\" id=\"form-field-field_6c180a9\" class=\"elementor-field elementor-size-sm  elementor-field-textual\" placeholder=\"Tel\u00e9fono\" required=\"required\" pattern=\"[0-9()#&amp;+*-=.]+\" title=\"Only numbers and phone characters (#, -, *, etc) are accepted.\">\n\n\t\t\t\t\t\t<\/div>\n\t\t\t\t\t\t\t\t<div class=\"elementor-field-type-email elementor-field-group elementor-column elementor-field-group-email elementor-col-50 elementor-field-required\">\n\t\t\t\t\t\t\t\t\t\t\t\t<label for=\"form-field-email\" class=\"elementor-field-label elementor-screen-only\">\n\t\t\t\t\t\t\t\tEmail\t\t\t\t\t\t\t<\/label>\n\t\t\t\t\t\t\t\t\t\t\t\t\t\t<input size=\"1\" type=\"email\" name=\"form_fields[email]\" id=\"form-field-email\" class=\"elementor-field elementor-size-sm  elementor-field-textual\" placeholder=\"Email\" required=\"required\">\n\t\t\t\t\t\t\t\t\t\t\t<\/div>\n\t\t\t\t\t\t\t\t<div class=\"elementor-field-type-textarea elementor-field-group elementor-column elementor-field-group-message elementor-col-100\">\n\t\t\t\t\t\t\t\t\t\t\t\t<label for=\"form-field-message\" class=\"elementor-field-label elementor-screen-only\">\n\t\t\t\t\t\t\t\tMensaje\t\t\t\t\t\t\t<\/label>\n\t\t\t\t\t\t<textarea class=\"elementor-field-textual elementor-field  elementor-size-sm\" name=\"form_fields[message]\" id=\"form-field-message\" rows=\"4\" placeholder=\"Mensaje\"><\/textarea>\t\t\t\t<\/div>\n\t\t\t\t\t\t\t\t<div class=\"elementor-field-type-text\">\n\t\t\t\t\t<input size=\"1\" type=\"text\" name=\"form_fields[field_cab6e22]\" id=\"form-field-field_cab6e22\" class=\"elementor-field elementor-size-sm \" style=\"display:none !important;\">\t\t\t\t<\/div>\n\t\t\t\t\t\t\t\t<div class=\"elementor-field-type-text\">\n\t\t\t\t\t<input size=\"1\" type=\"text\" name=\"form_fields[field_fcb6307]\" id=\"form-field-field_fcb6307\" class=\"elementor-field elementor-size-sm \" style=\"display:none !important;\">\t\t\t\t<\/div>\n\t\t\t\t\t\t\t\t<div class=\"elementor-field-type-text\">\n\t\t\t\t\t<input size=\"1\" type=\"text\" name=\"form_fields[field_68df141]\" id=\"form-field-field_68df141\" class=\"elementor-field elementor-size-sm \" style=\"display:none !important;\">\t\t\t\t<\/div>\n\t\t\t\t\t\t\t\t<div class=\"elementor-field-type-text\">\n\t\t\t\t\t<input size=\"1\" type=\"text\" name=\"form_fields[field_ad7fd57]\" id=\"form-field-field_ad7fd57\" class=\"elementor-field elementor-size-sm \" style=\"display:none !important;\">\t\t\t\t<\/div>\n\t\t\t\t\t\t\t\t<div class=\"elementor-field-type-recaptcha elementor-field-group elementor-column elementor-field-group-field_db5d603 elementor-col-100\">\n\t\t\t\t\t<div class=\"elementor-field\" id=\"form-field-field_db5d603\"><div class=\"elementor-g-recaptcha\" data-sitekey=\"6LfSQNAqAAAAACwR4fPlMvNzcFF5Oht-H1uZpqSI\" data-type=\"v2_checkbox\" data-theme=\"light\" data-size=\"normal\"><\/div><\/div>\t\t\t\t<\/div>\n\t\t\t\t\t\t\t\t<div class=\"elementor-field-group elementor-column elementor-field-type-submit elementor-col-100 e-form__buttons\">\n\t\t\t\t\t<button class=\"elementor-button elementor-size-sm\" type=\"submit\">\n\t\t\t\t\t\t<span class=\"elementor-button-content-wrapper\">\n\t\t\t\t\t\t\t\t\t\t\t\t\t\t\t\t\t\t\t\t\t\t<span class=\"elementor-button-text\">Enviar<\/span>\n\t\t\t\t\t\t\t\t\t\t\t\t\t<\/span>\n\t\t\t\t\t<\/button>\n\t\t\t\t<\/div>\n\t\t\t<\/div>\n\t\t<\/form>\n\t\t\t\t\t\t<\/div>\n\t\t\t\t<\/div>\n\t\t\t\t<\/div>\n\t\t\t\t<\/div>\n\t\t<div class=\"elementor-element elementor-element-91bd2bf e-flex e-con-boxed e-con e-parent\" data-id=\"91bd2bf\" data-element_type=\"container\" data-e-type=\"container\" data-settings=\"{&quot;background_background&quot;:&quot;classic&quot;}\">\n\t\t\t\t\t<div class=\"e-con-inner\">\n\t\t\t\t<div class=\"elementor-element elementor-element-71a883d9 elementor-widget__width-inherit animated-fast elementor-invisible elementor-widget elementor-widget-heading\" data-id=\"71a883d9\" data-element_type=\"widget\" data-e-type=\"widget\" data-settings=\"{&quot;_animation&quot;:&quot;fadeIn&quot;}\" data-widget_type=\"heading.default\">\n\t\t\t\t<div class=\"elementor-widget-container\">\n\t\t\t\t\t<h2 class=\"elementor-heading-title elementor-size-default\">O ponte en contacto<\/h2>\t\t\t\t<\/div>\n\t\t\t\t<\/div>\n\t\t<div class=\"elementor-element elementor-element-114582db animated-fast e-flex e-con-boxed elementor-invisible e-con e-child\" data-id=\"114582db\" data-element_type=\"container\" data-e-type=\"container\" data-settings=\"{&quot;animation&quot;:&quot;fadeInUp&quot;}\">\n\t\t\t\t\t<div class=\"e-con-inner\">\n\t\t\t\t<div class=\"elementor-element elementor-element-47fb7148 elementor-view-stacked elementor-shape-square elementor-widget-tablet__width-initial elementor-position-inline-start elementor-widget__width-initial elementor-mobile-position-block-start elementor-widget elementor-widget-icon-box\" data-id=\"47fb7148\" data-element_type=\"widget\" data-e-type=\"widget\" data-widget_type=\"icon-box.default\">\n\t\t\t\t<div class=\"elementor-widget-container\">\n\t\t\t\t\t\t\t<div class=\"elementor-icon-box-wrapper\">\n\n\t\t\t\t\t\t<div class=\"elementor-icon-box-icon\">\n\t\t\t\t<a href=\"tel:+529871137183\" target=\"_blank\" class=\"elementor-icon elementor-animation-shrink\" tabindex=\"-1\" aria-label=\"Ll\u00e1manos\">\n\t\t\t\t<svg xmlns=\"http:\/\/www.w3.org\/2000\/svg\" width=\"96.000000pt\" height=\"96.000000pt\" viewBox=\"0 0 96.000000 96.000000\" preserveAspectRatio=\"xMidYMid meet\"><g transform=\"translate(0.000000,96.000000) scale(0.100000,-0.100000)\" fill=\"#000000\" stroke=\"none\"><path d=\"M3 944 c-9 -23 5 -197 23 -283 55 -265 187 -448 399 -554 125 -63 248 -93 420 -104 85 -5 105 -3 110 8 6 17 -51 309 -63 321 -11 11 -241 50 -258 44 -7 -3 -16 -22 -19 -43 -12 -69 -15 -74 -38 -67 -118 34 -262 170 -303 285 -8 23 -12 44 -10 47 3 2 26 8 53 13 26 5 51 13 56 18 10 10 -27 249 -41 263 -7 7 -289 68 -314 68 -5 0 -11 -7 -15 -16z m172 -55 c61 -12 115 -28 121 -35 13 -17 38 -179 29 -193 -3 -6 -17 -11 -30 -11 -13 0 -36 -5 -51 -10 -25 -10 -26 -13 -20 -56 20 -147 213 -340 360 -360 43 -6 46 -5 56 20 5 15 10 38 10 51 0 13 5 27 11 30 14 9 176 -16 193 -29 11 -9 56 -204 56 -245 0 -11 -16 -12 -82 -7 -158 14 -308 56 -416 117 -73 42 -209 178 -251 251 -61 108 -103 258 -117 416 -5 66 -4 82 7 82 8 0 64 -10 124 -21z\"><\/path><path d=\"M480 943 c0 -16 11 -21 64 -30 189 -32 337 -179 369 -367 9 -55 14 -66 30 -66 18 0 19 5 13 56 -26 220 -200 394 -420 420 -51 6 -56 5 -56 -13z\"><\/path><path d=\"M480 823 c0 -17 9 -22 43 -27 135 -20 251 -136 273 -274 5 -33 11 -42 27 -42 18 0 19 4 13 53 -19 150 -155 286 -304 304 -48 5 -52 4 -52 -14z\"><\/path><path d=\"M480 701 c0 -14 6 -21 18 -21 10 0 42 -12 70 -26 56 -28 96 -81 108 -142 5 -23 12 -32 27 -32 17 0 19 4 13 43 -15 94 -99 178 -193 193 -39 6 -43 5 -43 -15z\"><\/path><path d=\"M480 581 c0 -11 12 -23 29 -31 16 -6 35 -25 41 -41 13 -31 50 -41 50 -14 0 29 -30 75 -60 90 -39 20 -60 19 -60 -4z\"><\/path><\/g><\/svg>\t\t\t\t<\/a>\n\t\t\t<\/div>\n\t\t\t\n\t\t\t\t\t\t<div class=\"elementor-icon-box-content\">\n\n\t\t\t\t\t\t\t\t\t<h4 class=\"elementor-icon-box-title\">\n\t\t\t\t\t\t<a href=\"tel:+529871137183\" target=\"_blank\" >\n\t\t\t\t\t\t\tLl\u00e1manos\t\t\t\t\t\t<\/a>\n\t\t\t\t\t<\/h4>\n\t\t\t\t\n\t\t\t\t\t\t\t\t\t<p class=\"elementor-icon-box-description\">\n\t\t\t\t\t\t987 113-7183\t\t\t\t\t<\/p>\n\t\t\t\t\n\t\t\t<\/div>\n\t\t\t\n\t\t<\/div>\n\t\t\t\t\t\t<\/div>\n\t\t\t\t<\/div>\n\t\t\t\t<div class=\"elementor-element elementor-element-5759e044 elementor-view-stacked elementor-shape-square elementor-widget-tablet__width-initial elementor-position-inline-start elementor-widget__width-initial elementor-mobile-position-block-start elementor-widget elementor-widget-icon-box\" data-id=\"5759e044\" data-element_type=\"widget\" data-e-type=\"widget\" data-widget_type=\"icon-box.default\">\n\t\t\t\t<div class=\"elementor-widget-container\">\n\t\t\t\t\t\t\t<div class=\"elementor-icon-box-wrapper\">\n\n\t\t\t\t\t\t<div class=\"elementor-icon-box-icon\">\n\t\t\t\t<a href=\"mailto:seprolimza@hotmail.com\" target=\"_blank\" class=\"elementor-icon elementor-animation-shrink\" tabindex=\"-1\" aria-label=\"Escr\u00edbenos\">\n\t\t\t\t<svg xmlns=\"http:\/\/www.w3.org\/2000\/svg\" width=\"96.000000pt\" height=\"96.000000pt\" viewBox=\"0 0 96.000000 96.000000\" preserveAspectRatio=\"xMidYMid meet\"><g transform=\"translate(0.000000,96.000000) scale(0.100000,-0.100000)\" fill=\"#000000\" stroke=\"none\"><path d=\"M243 946 c-100 -33 -161 -85 -211 -180 -22 -44 -26 -64 -27 -141 0 -77 4 -98 26 -145 14 -31 40 -72 58 -92 37 -42 131 -93 191 -103 l40 -7 0 -139 0 -139 320 0 320 0 0 250 0 250 -149 0 -149 0 10 43 c23 98 -11 230 -80 308 -17 20 -59 50 -92 68 -50 27 -76 34 -138 37 -49 3 -92 -1 -119 -10z m77 -101 l0 -65 -45 0 c-29 0 -45 4 -45 13 0 29 61 117 82 117 4 0 8 -29 8 -65z m91 24 c15 -19 31 -46 34 -61 7 -27 6 -28 -39 -28 l-46 0 0 66 c0 74 8 78 51 23z m-209 -29 l-27 -60 -43 0 -43 0 20 29 c16 23 104 91 117 91 1 0 -10 -27 -24 -60z m325 13 c17 -13 39 -35 47 -49 l16 -24 -42 0 c-43 0 -43 0 -70 60 -26 58 -26 59 -5 48 12 -6 36 -22 54 -35z m-361 -135 c-3 -13 -6 -35 -6 -50 0 -27 -1 -28 -60 -28 -33 0 -60 3 -60 6 0 3 5 25 11 50 l11 44 55 0 c52 0 55 -1 49 -22z m154 -28 l0 -50 -61 0 -62 0 7 38 c3 20 6 43 6 50 0 8 18 12 55 12 l55 0 0 -50z m150 38 c0 -7 3 -30 6 -50 l7 -38 -62 0 -61 0 0 50 0 50 55 0 c37 0 55 -4 55 -12z m159 -32 c6 -25 11 -47 11 -50 0 -3 -27 -6 -60 -6 -59 0 -60 1 -60 28 0 15 -3 37 -6 50 -6 21 -3 22 49 22 l55 0 11 -44z m-469 -123 c0 -16 3 -38 6 -50 6 -22 3 -23 -49 -23 l-55 0 -11 44 c-6 25 -11 47 -11 50 0 3 27 6 60 6 59 0 60 -1 60 -27z m160 -23 l0 -50 -54 0 -53 0 -7 38 c-10 63 -11 62 54 62 l60 0 0 -50z m160 38 c0 -7 -3 -30 -6 -50 l-7 -38 -53 0 -54 0 0 50 0 50 60 0 c41 0 60 -4 60 -12z m160 6 c0 -3 -5 -25 -11 -50 l-11 -44 -55 0 c-52 0 -55 1 -49 23 3 12 6 34 6 50 0 26 1 27 60 27 33 0 60 -3 60 -6z m-438 -194 c26 -58 26 -59 5 -48 -38 20 -85 59 -101 84 l-16 24 42 0 c43 0 43 0 70 -60z m118 -6 c0 -46 -3 -65 -12 -62 -19 7 -66 71 -73 101 -7 26 -6 27 39 27 l46 0 0 -66z m445 -49 c-66 -63 -122 -114 -125 -114 -3 0 -59 51 -125 114 l-120 115 245 0 245 0 -120 -115z m-225 -85 c0 -3 -40 -46 -90 -95 l-90 -90 0 178 0 178 90 -83 c49 -46 90 -85 90 -88z m380 -7 l0 -178 -92 92 -92 93 89 84 c50 47 91 85 93 86 1 0 2 -80 2 -177z m-315 -53 c23 -26 43 -25 72 2 l24 22 92 -92 92 -92 -245 0 -245 0 90 90 c49 50 92 90 96 90 3 0 14 -9 24 -20z\"><\/path><\/g><\/svg>\t\t\t\t<\/a>\n\t\t\t<\/div>\n\t\t\t\n\t\t\t\t\t\t<div class=\"elementor-icon-box-content\">\n\n\t\t\t\t\t\t\t\t\t<h4 class=\"elementor-icon-box-title\">\n\t\t\t\t\t\t<a href=\"mailto:seprolimza@hotmail.com\" target=\"_blank\" >\n\t\t\t\t\t\t\tEscr\u00edbenos\t\t\t\t\t\t<\/a>\n\t\t\t\t\t<\/h4>\n\t\t\t\t\n\t\t\t\t\t\t\t\t\t<p class=\"elementor-icon-box-description\">\n\t\t\t\t\t\tseprolimza@hotmail.com\n\t\t\t\t\t<\/p>\n\t\t\t\t\n\t\t\t<\/div>\n\t\t\t\n\t\t<\/div>\n\t\t\t\t\t\t<\/div>\n\t\t\t\t<\/div>\n\t\t\t\t<div class=\"elementor-element elementor-element-1faf4ea9 elementor-view-stacked elementor-shape-square elementor-widget-tablet__width-initial elementor-position-inline-start elementor-widget__width-initial elementor-mobile-position-block-start elementor-widget elementor-widget-icon-box\" data-id=\"1faf4ea9\" data-element_type=\"widget\" data-e-type=\"widget\" data-widget_type=\"icon-box.default\">\n\t\t\t\t<div class=\"elementor-widget-container\">\n\t\t\t\t\t\t\t<div class=\"elementor-icon-box-wrapper\">\n\n\t\t\t\t\t\t<div class=\"elementor-icon-box-icon\">\n\t\t\t\t<span  class=\"elementor-icon elementor-animation-shrink\">\n\t\t\t\t<svg xmlns=\"http:\/\/www.w3.org\/2000\/svg\" width=\"96.000000pt\" height=\"96.000000pt\" viewBox=\"0 0 96.000000 96.000000\" preserveAspectRatio=\"xMidYMid meet\"><g transform=\"translate(0.000000,96.000000) scale(0.100000,-0.100000)\" fill=\"#000000\" stroke=\"none\"><path d=\"M580 951 c-55 -18 -108 -52 -143 -90 -20 -23 -37 -45 -37 -50 0 -4 -32 -11 -71 -14 -129 -11 -238 -86 -296 -205 l-28 -57 0 -264 c0 -203 3 -265 13 -269 7 -2 43 26 81 62 l68 66 46 -20 c187 -83 414 14 487 208 15 38 24 48 50 55 31 8 36 4 106 -63 41 -40 79 -70 86 -68 10 4 13 62 13 254 0 242 -1 250 -24 294 -54 104 -142 161 -256 166 -38 2 -81 0 -95 -5z m165 -48 c65 -22 136 -93 158 -158 14 -39 17 -87 17 -239 l0 -190 -59 58 c-61 60 -67 62 -125 40 -13 -5 -16 1 -16 29 0 146 -97 284 -239 337 l-46 18 46 45 c76 73 167 93 264 60z m-258 -173 c66 -28 143 -108 169 -175 25 -66 25 -164 0 -230 -26 -66 -103 -147 -168 -175 -99 -43 -162 -38 -305 21 -33 13 -33 13 -89 -41 l-55 -55 3 220 c3 205 5 223 26 270 75 162 258 235 419 165z\"><\/path><path d=\"M340 700 c0 -13 7 -20 20 -20 13 0 20 7 20 20 0 13 -7 20 -20 20 -13 0 -20 -7 -20 -20z\"><\/path><path d=\"M200 660 c0 -13 7 -20 20 -20 13 0 20 7 20 20 0 13 -7 20 -20 20 -13 0 -20 -7 -20 -20z\"><\/path><path d=\"M480 660 c0 -13 7 -20 20 -20 13 0 20 7 20 20 0 13 -7 20 -20 20 -13 0 -20 -7 -20 -20z\"><\/path><path d=\"M342 533 l3 -108 78 -3 c72 -3 77 -1 77 18 0 18 -6 20 -60 20 l-60 0 0 90 c0 84 -1 90 -20 90 -20 0 -21 -5 -18 -107z\"><\/path><path d=\"M120 560 c0 -13 7 -20 20 -20 13 0 20 7 20 20 0 13 -7 20 -20 20 -13 0 -20 -7 -20 -20z\"><\/path><path d=\"M560 560 c0 -13 7 -20 20 -20 13 0 20 7 20 20 0 13 -7 20 -20 20 -13 0 -20 -7 -20 -20z\"><\/path><path d=\"M80 440 c0 -13 7 -20 20 -20 13 0 20 7 20 20 0 13 -7 20 -20 20 -13 0 -20 -7 -20 -20z\"><\/path><path d=\"M600 440 c0 -13 7 -20 20 -20 13 0 20 7 20 20 0 13 -7 20 -20 20 -13 0 -20 -7 -20 -20z\"><\/path><path d=\"M120 320 c0 -13 7 -20 20 -20 13 0 20 7 20 20 0 13 -7 20 -20 20 -13 0 -20 -7 -20 -20z\"><\/path><path d=\"M560 320 c0 -13 7 -20 20 -20 13 0 20 7 20 20 0 13 -7 20 -20 20 -13 0 -20 -7 -20 -20z\"><\/path><path d=\"M200 220 c0 -13 7 -20 20 -20 13 0 20 7 20 20 0 13 -7 20 -20 20 -13 0 -20 -7 -20 -20z\"><\/path><path d=\"M480 220 c0 -13 7 -20 20 -20 13 0 20 7 20 20 0 13 -7 20 -20 20 -13 0 -20 -7 -20 -20z\"><\/path><path d=\"M340 180 c0 -13 7 -20 20 -20 13 0 20 7 20 20 0 13 -7 20 -20 20 -13 0 -20 -7 -20 -20z\"><\/path><\/g><\/svg>\t\t\t\t<\/span>\n\t\t\t<\/div>\n\t\t\t\n\t\t\t\t\t\t<div class=\"elementor-icon-box-content\">\n\n\t\t\t\t\t\t\t\t\t<h4 class=\"elementor-icon-box-title\">\n\t\t\t\t\t\t<span  >\n\t\t\t\t\t\t\tHorarios\t\t\t\t\t\t<\/span>\n\t\t\t\t\t<\/h4>\n\t\t\t\t\n\t\t\t\t\t\t\t\t\t<p class=\"elementor-icon-box-description\">\n\t\t\t\t\t\t8:00 AM - 17:00 PM\t\t\t\t\t<\/p>\n\t\t\t\t\n\t\t\t<\/div>\n\t\t\t\n\t\t<\/div>\n\t\t\t\t\t\t<\/div>\n\t\t\t\t<\/div>\n\t\t\t\t<div class=\"elementor-element elementor-element-427b9676 elementor-view-stacked elementor-shape-square elementor-widget-tablet__width-initial elementor-position-inline-start elementor-widget__width-initial elementor-mobile-position-block-start elementor-widget elementor-widget-icon-box\" data-id=\"427b9676\" data-element_type=\"widget\" data-e-type=\"widget\" data-widget_type=\"icon-box.default\">\n\t\t\t\t<div class=\"elementor-widget-container\">\n\t\t\t\t\t\t\t<div class=\"elementor-icon-box-wrapper\">\n\n\t\t\t\t\t\t<div class=\"elementor-icon-box-icon\">\n\t\t\t\t<a href=\"https:\/\/maps.app.goo.gl\/d1qtZgCiknW2uih76\" target=\"_blank\" class=\"elementor-icon elementor-animation-shrink\" tabindex=\"-1\" aria-label=\"Vis\u00edtanos\" rel=\"noopener\">\n\t\t\t\t<svg xmlns=\"http:\/\/www.w3.org\/2000\/svg\" width=\"96.000000pt\" height=\"96.000000pt\" viewBox=\"0 0 96.000000 96.000000\" preserveAspectRatio=\"xMidYMid meet\"><g transform=\"translate(0.000000,96.000000) scale(0.100000,-0.100000)\" fill=\"#000000\" stroke=\"none\"><path d=\"M373 946 c-149 -48 -259 -183 -271 -332 -13 -166 64 -332 230 -496 l78 -78 -205 0 c-198 0 -205 -1 -205 -20 0 -20 7 -20 480 -20 473 0 480 0 480 20 0 19 -7 20 -205 20 l-205 0 78 78 c255 253 304 532 126 722 -70 75 -154 113 -257 117 -51 2 -98 -2 -124 -11z m213 -47 c57 -18 77 -31 130 -83 52 -53 65 -73 83 -130 12 -38 21 -87 21 -110 0 -106 -63 -249 -159 -359 -55 -63 -168 -167 -181 -167 -13 0 -126 104 -181 167 -96 110 -159 253 -159 359 0 78 36 168 91 228 97 106 215 138 355 95z\"><\/path><path d=\"M348 749 c-65 -49 -118 -93 -118 -98 0 -5 6 -14 14 -20 10 -9 16 -8 26 4 25 30 30 13 30 -100 0 -108 -1 -115 -20 -115 -13 0 -20 -7 -20 -20 0 -19 7 -20 220 -20 213 0 220 1 220 20 0 13 -7 20 -20 20 -19 0 -20 7 -20 115 0 113 5 130 30 100 10 -12 16 -13 26 -4 8 6 14 15 14 20 0 12 -237 189 -252 188 -7 0 -66 -41 -130 -90z m203 -10 l69 -51 0 -134 0 -134 -140 0 -140 0 0 134 0 134 68 51 c37 28 69 51 71 51 2 0 34 -23 72 -51z\"><\/path><path d=\"M404 627 c-3 -8 -4 -43 -2 -78 l3 -64 75 0 75 0 0 75 0 75 -73 3 c-55 2 -74 -1 -78 -11z m116 -67 l0 -40 -40 0 -40 0 0 40 0 40 40 0 40 0 0 -40z\"><\/path><\/g><\/svg>\t\t\t\t<\/a>\n\t\t\t<\/div>\n\t\t\t\n\t\t\t\t\t\t<div class=\"elementor-icon-box-content\">\n\n\t\t\t\t\t\t\t\t\t<h4 class=\"elementor-icon-box-title\">\n\t\t\t\t\t\t<a href=\"https:\/\/maps.app.goo.gl\/d1qtZgCiknW2uih76\" target=\"_blank\" rel=\"noopener\">\n\t\t\t\t\t\t\tVis\u00edtanos\t\t\t\t\t\t<\/a>\n\t\t\t\t\t<\/h4>\n\t\t\t\t\n\t\t\t\t\t\t\t\t\t<p class=\"elementor-icon-box-description\">\n\t\t\t\t\t\t105 AV. entre 6 y 4 col. Emiliano Zapata\t\t\t\t\t<\/p>\n\t\t\t\t\n\t\t\t<\/div>\n\t\t\t\n\t\t<\/div>\n\t\t\t\t\t\t<\/div>\n\t\t\t\t<\/div>\n\t\t\t\t\t<\/div>\n\t\t\t\t<\/div>\n\t\t\t\t\t<\/div>\n\t\t\t\t<\/div>\n\t\t<div class=\"elementor-element elementor-element-6b7fcd4f animated-fast e-flex e-con-boxed elementor-invisible e-con e-parent\" data-id=\"6b7fcd4f\" data-element_type=\"container\" data-e-type=\"container\" data-settings=\"{&quot;background_background&quot;:&quot;classic&quot;,&quot;animation&quot;:&quot;fadeInUp&quot;}\">\n\t\t\t\t\t<div class=\"e-con-inner\">\n\t\t\t\t\t<\/div>\n\t\t\t\t<\/div>\n\t\t\t\t<\/div>\n\t\t","protected":false},"excerpt":{"rendered":"<p>Escr\u00edbenos Nos encantar\u00eda escuchar sobre tu proyecto y ser parte de el O ponte en contacto Ll\u00e1manos 987 113-7183 Escr\u00edbenos seprolimza@hotmail.com Horarios 8:00 AM &#8211; 17:00 PM Vis\u00edtanos 105 AV. entre 6 y 4 col. Emiliano Zapata<\/p>","protected":false},"author":1,"featured_media":0,"parent":0,"menu_order":0,"comment_status":"closed","ping_status":"closed","template":"elementor_header_footer","meta":{"footnotes":""},"class_list":["post-67","page","type-page","status-publish","hentry"],"_links":{"self":[{"href":"https:\/\/seprolimza.com\/en\/wp-json\/wp\/v2\/pages\/67","targetHints":{"allow":["GET"]}}],"collection":[{"href":"https:\/\/seprolimza.com\/en\/wp-json\/wp\/v2\/pages"}],"about":[{"href":"https:\/\/seprolimza.com\/en\/wp-json\/wp\/v2\/types\/page"}],"author":[{"embeddable":true,"href":"https:\/\/seprolimza.com\/en\/wp-json\/wp\/v2\/users\/1"}],"replies":[{"embeddable":true,"href":"https:\/\/seprolimza.com\/en\/wp-json\/wp\/v2\/comments?post=67"}],"version-history":[{"count":5,"href":"https:\/\/seprolimza.com\/en\/wp-json\/wp\/v2\/pages\/67\/revisions"}],"predecessor-version":[{"id":623,"href":"https:\/\/seprolimza.com\/en\/wp-json\/wp\/v2\/pages\/67\/revisions\/623"}],"wp:attachment":[{"href":"https:\/\/seprolimza.com\/en\/wp-json\/wp\/v2\/media?parent=67"}],"curies":[{"name":"wp","href":"https:\/\/api.w.org\/{rel}","templated":true}]}}