{"id":60,"date":"2024-04-04T16:47:25","date_gmt":"2024-04-04T16:47:25","guid":{"rendered":"https:\/\/seprolimza.com\/services\/"},"modified":"2024-08-27T21:17:37","modified_gmt":"2024-08-27T21:17:37","slug":"services","status":"publish","type":"page","link":"https:\/\/seprolimza.com\/en\/services\/","title":{"rendered":"Services"},"content":{"rendered":"<div data-elementor-type=\"wp-page\" data-elementor-id=\"60\" class=\"elementor elementor-60\" data-elementor-post-type=\"page\">\n\t\t\t\t<div class=\"elementor-element elementor-element-3bb41793 e-flex e-con-boxed e-con e-parent\" data-id=\"3bb41793\" data-element_type=\"container\" data-e-type=\"container\">\n\t\t\t\t\t<div class=\"e-con-inner\">\n\t\t\t\t<div class=\"elementor-element elementor-element-4674f152 elementor-widget__width-initial animated-slow elementor-invisible elementor-widget elementor-widget-heading\" data-id=\"4674f152\" data-element_type=\"widget\" data-e-type=\"widget\" data-settings=\"{&quot;_animation&quot;:&quot;fadeIn&quot;}\" data-widget_type=\"heading.default\">\n\t\t\t\t<div class=\"elementor-widget-container\">\n\t\t\t\t\t<h1 class=\"elementor-heading-title elementor-size-default\">Learn about the services we have for you<\/h1>\t\t\t\t<\/div>\n\t\t\t\t<\/div>\n\t\t\t\t\t<\/div>\n\t\t\t\t<\/div>\n\t\t<div class=\"elementor-element elementor-element-2d137094 e-flex e-con-boxed e-con e-parent\" data-id=\"2d137094\" data-element_type=\"container\" data-e-type=\"container\" data-settings=\"{&quot;background_background&quot;:&quot;classic&quot;}\">\n\t\t\t\t\t<div class=\"e-con-inner\">\n\t\t<div class=\"elementor-element elementor-element-3e3cdba3 e-con-full animated-fast e-flex elementor-invisible e-con e-child\" data-id=\"3e3cdba3\" data-element_type=\"container\" data-e-type=\"container\" data-settings=\"{&quot;animation&quot;:&quot;fadeInLeft&quot;}\">\n\t\t\t\t<div class=\"elementor-element elementor-element-3e3531af elementor-widget elementor-widget-heading\" data-id=\"3e3531af\" data-element_type=\"widget\" data-e-type=\"widget\" data-widget_type=\"heading.default\">\n\t\t\t\t<div class=\"elementor-widget-container\">\n\t\t\t\t\t<h2 class=\"elementor-heading-title elementor-size-default\">Swimming pool construction<\/h2>\t\t\t\t<\/div>\n\t\t\t\t<\/div>\n\t\t\t\t<div class=\"elementor-element elementor-element-5e60caed elementor-widget elementor-widget-text-editor\" data-id=\"5e60caed\" data-element_type=\"widget\" data-e-type=\"widget\" data-widget_type=\"text-editor.default\">\n\t\t\t\t<div class=\"elementor-widget-container\">\n\t\t\t\t\t\t\t\t\t<p>From planning to implementation, we combine experience and quality to offer you the best service, supervising each stage of the project, always adapting to your needs and the environment of your home or business.<\/p>\t\t\t\t\t\t\t\t<\/div>\n\t\t\t\t<\/div>\n\t\t\t\t<\/div>\n\t\t<div class=\"elementor-element elementor-element-120e57f3 e-con-full animated-fast e-flex elementor-invisible e-con e-child\" data-id=\"120e57f3\" data-element_type=\"container\" data-e-type=\"container\" data-settings=\"{&quot;animation&quot;:&quot;fadeInRight&quot;}\">\n\t\t\t\t<div class=\"elementor-element elementor-element-20e02c42 elementor-widget elementor-widget-image\" data-id=\"20e02c42\" data-element_type=\"widget\" data-e-type=\"widget\" data-widget_type=\"image.default\">\n\t\t\t\t<div class=\"elementor-widget-container\">\n\t\t\t\t\t\t\t\t\t\t\t\t\t\t\t<img fetchpriority=\"high\" decoding=\"async\" width=\"769\" height=\"1024\" src=\"https:\/\/seprolimza.com\/wp-content\/uploads\/2024\/04\/380106364_827554109371401_6894428237263395015_n-769x1024.jpg\" class=\"attachment-large size-large wp-image-127\" alt=\"\" srcset=\"https:\/\/seprolimza.com\/wp-content\/uploads\/2024\/04\/380106364_827554109371401_6894428237263395015_n-769x1024.jpg 769w, https:\/\/seprolimza.com\/wp-content\/uploads\/2024\/04\/380106364_827554109371401_6894428237263395015_n-225x300.jpg 225w, https:\/\/seprolimza.com\/wp-content\/uploads\/2024\/04\/380106364_827554109371401_6894428237263395015_n-768x1023.jpg 768w, https:\/\/seprolimza.com\/wp-content\/uploads\/2024\/04\/380106364_827554109371401_6894428237263395015_n.jpg 868w\" sizes=\"(max-width: 769px) 100vw, 769px\" \/>\t\t\t\t\t\t\t\t\t\t\t\t\t\t\t<\/div>\n\t\t\t\t<\/div>\n\t\t\t\t<\/div>\n\t\t\t\t\t<\/div>\n\t\t\t\t<\/div>\n\t\t<div class=\"elementor-element elementor-element-443577a8 e-flex e-con-boxed e-con e-parent\" data-id=\"443577a8\" data-element_type=\"container\" data-e-type=\"container\" data-settings=\"{&quot;background_background&quot;:&quot;classic&quot;}\">\n\t\t\t\t\t<div class=\"e-con-inner\">\n\t\t<div class=\"elementor-element elementor-element-55bda7d9 e-con-full animated-fast e-flex elementor-invisible e-con e-child\" data-id=\"55bda7d9\" data-element_type=\"container\" data-e-type=\"container\" data-settings=\"{&quot;animation&quot;:&quot;fadeInLeft&quot;}\">\n\t\t\t\t<div class=\"elementor-element elementor-element-2b142c67 elementor-widget elementor-widget-image\" data-id=\"2b142c67\" data-element_type=\"widget\" data-e-type=\"widget\" data-widget_type=\"image.default\">\n\t\t\t\t<div class=\"elementor-widget-container\">\n\t\t\t\t\t\t\t\t\t\t\t\t\t\t\t<img decoding=\"async\" width=\"800\" height=\"534\" src=\"https:\/\/seprolimza.com\/wp-content\/uploads\/2024\/04\/unrecognizable-man-using-a-ph-and-cl-kit-to-test-t-2023-11-27-05-02-06-utc-1024x683.jpg\" class=\"attachment-large size-large wp-image-209\" alt=\"\" srcset=\"https:\/\/seprolimza.com\/wp-content\/uploads\/2024\/04\/unrecognizable-man-using-a-ph-and-cl-kit-to-test-t-2023-11-27-05-02-06-utc-1024x683.jpg 1024w, https:\/\/seprolimza.com\/wp-content\/uploads\/2024\/04\/unrecognizable-man-using-a-ph-and-cl-kit-to-test-t-2023-11-27-05-02-06-utc-300x200.jpg 300w, https:\/\/seprolimza.com\/wp-content\/uploads\/2024\/04\/unrecognizable-man-using-a-ph-and-cl-kit-to-test-t-2023-11-27-05-02-06-utc-768x512.jpg 768w, https:\/\/seprolimza.com\/wp-content\/uploads\/2024\/04\/unrecognizable-man-using-a-ph-and-cl-kit-to-test-t-2023-11-27-05-02-06-utc-1536x1024.jpg 1536w, https:\/\/seprolimza.com\/wp-content\/uploads\/2024\/04\/unrecognizable-man-using-a-ph-and-cl-kit-to-test-t-2023-11-27-05-02-06-utc-2048x1365.jpg 2048w\" sizes=\"(max-width: 800px) 100vw, 800px\" \/>\t\t\t\t\t\t\t\t\t\t\t\t\t\t\t<\/div>\n\t\t\t\t<\/div>\n\t\t\t\t<\/div>\n\t\t<div class=\"elementor-element elementor-element-36e70d0b e-con-full animated-fast e-flex elementor-invisible e-con e-child\" data-id=\"36e70d0b\" data-element_type=\"container\" data-e-type=\"container\" data-settings=\"{&quot;animation&quot;:&quot;fadeInRight&quot;}\">\n\t\t\t\t<div class=\"elementor-element elementor-element-2aee5387 elementor-widget elementor-widget-heading\" data-id=\"2aee5387\" data-element_type=\"widget\" data-e-type=\"widget\" data-widget_type=\"heading.default\">\n\t\t\t\t<div class=\"elementor-widget-container\">\n\t\t\t\t\t<h1 class=\"elementor-heading-title elementor-size-default\">Pool maintenance and diagnosis<\/h1>\t\t\t\t<\/div>\n\t\t\t\t<\/div>\n\t\t\t\t<div class=\"elementor-element elementor-element-37503f83 elementor-widget elementor-widget-text-editor\" data-id=\"37503f83\" data-element_type=\"widget\" data-e-type=\"widget\" data-widget_type=\"text-editor.default\">\n\t\t\t\t<div class=\"elementor-widget-container\">\n\t\t\t\t\t\t\t\t\t<p>We provide a complete maintenance service that includes the physical cleaning of your pool, chemical balance, water quality, monitoring optimal pH and chlorine levels, to maintain a safe and healthy swimming environment.<\/p><p>We have specialized state-of-the-art equipment for the diagnosis and detection of any problem, from structural leaks to the operation of the equipment, guaranteeing its correct functioning.<\/p>\t\t\t\t\t\t\t\t<\/div>\n\t\t\t\t<\/div>\n\t\t\t\t<\/div>\n\t\t\t\t\t<\/div>\n\t\t\t\t<\/div>\n\t\t<div class=\"elementor-element elementor-element-7c7b8b09 e-flex e-con-boxed e-con e-parent\" data-id=\"7c7b8b09\" data-element_type=\"container\" data-e-type=\"container\" data-settings=\"{&quot;background_background&quot;:&quot;classic&quot;}\">\n\t\t\t\t\t<div class=\"e-con-inner\">\n\t\t<div class=\"elementor-element elementor-element-634498cc e-con-full animated-slow e-flex elementor-invisible e-con e-child\" data-id=\"634498cc\" data-element_type=\"container\" data-e-type=\"container\" data-settings=\"{&quot;animation&quot;:&quot;fadeInLeft&quot;}\">\n\t\t\t\t<div class=\"elementor-element elementor-element-49393d23 elementor-widget elementor-widget-heading\" data-id=\"49393d23\" data-element_type=\"widget\" data-e-type=\"widget\" data-widget_type=\"heading.default\">\n\t\t\t\t<div class=\"elementor-widget-container\">\n\t\t\t\t\t<h2 class=\"elementor-heading-title elementor-size-default\">Sale and installation of swimming pool equipment<\/h2>\t\t\t\t<\/div>\n\t\t\t\t<\/div>\n\t\t\t\t<div class=\"elementor-element elementor-element-3e8e7371 elementor-widget elementor-widget-text-editor\" data-id=\"3e8e7371\" data-element_type=\"widget\" data-e-type=\"widget\" data-widget_type=\"text-editor.default\">\n\t\t\t\t<div class=\"elementor-widget-container\">\n\t\t\t\t\t\t\t\t\t<p>We have a wide range of equipment from the best brands on the market, from filtration systems to lighting accessories, meeting the highest quality standards to guarantee the durability and optimal performance of your pool.<\/p>\t\t\t\t\t\t\t\t<\/div>\n\t\t\t\t<\/div>\n\t\t\t\t<\/div>\n\t\t<div class=\"elementor-element elementor-element-1dfbcf8e e-con-full animated-slow e-flex elementor-invisible e-con e-child\" data-id=\"1dfbcf8e\" data-element_type=\"container\" data-e-type=\"container\" data-settings=\"{&quot;animation&quot;:&quot;fadeInRight&quot;}\">\n\t\t\t\t<div class=\"elementor-element elementor-element-5df17e8 elementor-widget elementor-widget-image\" data-id=\"5df17e8\" data-element_type=\"widget\" data-e-type=\"widget\" data-widget_type=\"image.default\">\n\t\t\t\t<div class=\"elementor-widget-container\">\n\t\t\t\t\t\t\t\t\t\t\t\t\t\t\t<img decoding=\"async\" width=\"800\" height=\"521\" src=\"https:\/\/seprolimza.com\/wp-content\/uploads\/2024\/04\/technician-fixing-swimming-pool-heating-system-2023-11-27-04-58-22-utc-1024x667.jpg\" class=\"attachment-large size-large wp-image-208\" alt=\"\" srcset=\"https:\/\/seprolimza.com\/wp-content\/uploads\/2024\/04\/technician-fixing-swimming-pool-heating-system-2023-11-27-04-58-22-utc-1024x667.jpg 1024w, https:\/\/seprolimza.com\/wp-content\/uploads\/2024\/04\/technician-fixing-swimming-pool-heating-system-2023-11-27-04-58-22-utc-300x195.jpg 300w, https:\/\/seprolimza.com\/wp-content\/uploads\/2024\/04\/technician-fixing-swimming-pool-heating-system-2023-11-27-04-58-22-utc-768x500.jpg 768w, https:\/\/seprolimza.com\/wp-content\/uploads\/2024\/04\/technician-fixing-swimming-pool-heating-system-2023-11-27-04-58-22-utc-1536x1001.jpg 1536w, https:\/\/seprolimza.com\/wp-content\/uploads\/2024\/04\/technician-fixing-swimming-pool-heating-system-2023-11-27-04-58-22-utc-2048x1334.jpg 2048w\" sizes=\"(max-width: 800px) 100vw, 800px\" \/>\t\t\t\t\t\t\t\t\t\t\t\t\t\t\t<\/div>\n\t\t\t\t<\/div>\n\t\t\t\t<\/div>\n\t\t\t\t\t<\/div>\n\t\t\t\t<\/div>\n\t\t<div class=\"elementor-element elementor-element-4715a1a2 e-flex e-con-boxed e-con e-parent\" data-id=\"4715a1a2\" data-element_type=\"container\" data-e-type=\"container\" data-settings=\"{&quot;background_background&quot;:&quot;classic&quot;}\">\n\t\t\t\t\t<div class=\"e-con-inner\">\n\t\t<div class=\"elementor-element elementor-element-2325c394 e-con-full animated-fast e-flex elementor-invisible e-con e-child\" data-id=\"2325c394\" data-element_type=\"container\" data-e-type=\"container\" data-settings=\"{&quot;animation&quot;:&quot;fadeInLeft&quot;}\">\n\t\t\t\t<div class=\"elementor-element elementor-element-5ad9678c elementor-widget elementor-widget-image\" data-id=\"5ad9678c\" data-element_type=\"widget\" data-e-type=\"widget\" data-widget_type=\"image.default\">\n\t\t\t\t<div class=\"elementor-widget-container\">\n\t\t\t\t\t\t\t\t\t\t\t\t\t\t\t<img loading=\"lazy\" decoding=\"async\" width=\"800\" height=\"600\" src=\"https:\/\/seprolimza.com\/wp-content\/uploads\/2024\/04\/reverse-osmosis-water-purification-system-under-si-2023-11-27-05-20-54-utc-1024x768.jpg\" class=\"attachment-large size-large wp-image-207\" alt=\"\" srcset=\"https:\/\/seprolimza.com\/wp-content\/uploads\/2024\/04\/reverse-osmosis-water-purification-system-under-si-2023-11-27-05-20-54-utc-1024x768.jpg 1024w, https:\/\/seprolimza.com\/wp-content\/uploads\/2024\/04\/reverse-osmosis-water-purification-system-under-si-2023-11-27-05-20-54-utc-300x225.jpg 300w, https:\/\/seprolimza.com\/wp-content\/uploads\/2024\/04\/reverse-osmosis-water-purification-system-under-si-2023-11-27-05-20-54-utc-768x576.jpg 768w, https:\/\/seprolimza.com\/wp-content\/uploads\/2024\/04\/reverse-osmosis-water-purification-system-under-si-2023-11-27-05-20-54-utc-1536x1152.jpg 1536w, https:\/\/seprolimza.com\/wp-content\/uploads\/2024\/04\/reverse-osmosis-water-purification-system-under-si-2023-11-27-05-20-54-utc-2048x1536.jpg 2048w\" sizes=\"(max-width: 800px) 100vw, 800px\" \/>\t\t\t\t\t\t\t\t\t\t\t\t\t\t\t<\/div>\n\t\t\t\t<\/div>\n\t\t\t\t<\/div>\n\t\t<div class=\"elementor-element elementor-element-4354a18 e-con-full animated-fast e-flex elementor-invisible e-con e-child\" data-id=\"4354a18\" data-element_type=\"container\" data-e-type=\"container\" data-settings=\"{&quot;animation&quot;:&quot;fadeInRight&quot;}\">\n\t\t\t\t<div class=\"elementor-element elementor-element-54ba73ea elementor-widget elementor-widget-heading\" data-id=\"54ba73ea\" data-element_type=\"widget\" data-e-type=\"widget\" data-widget_type=\"heading.default\">\n\t\t\t\t<div class=\"elementor-widget-container\">\n\t\t\t\t\t<h2 class=\"elementor-heading-title elementor-size-default\">Installation of purification equipment<\/h2>\t\t\t\t<\/div>\n\t\t\t\t<\/div>\n\t\t\t\t<div class=\"elementor-element elementor-element-722f39de elementor-widget elementor-widget-text-editor\" data-id=\"722f39de\" data-element_type=\"widget\" data-e-type=\"widget\" data-widget_type=\"text-editor.default\">\n\t\t\t\t<div class=\"elementor-widget-container\">\n\t\t\t\t\t\t\t\t\t<p>We provide customized water purification solutions, using the latest technology in purification equipment, our systems remove contaminants and waste for results that will improve the quality of water for your home or business<\/p>\t\t\t\t\t\t\t\t<\/div>\n\t\t\t\t<\/div>\n\t\t\t\t<\/div>\n\t\t\t\t\t<\/div>\n\t\t\t\t<\/div>\n\t\t<div class=\"elementor-element elementor-element-4098e858 e-flex e-con-boxed e-con e-parent\" data-id=\"4098e858\" data-element_type=\"container\" data-e-type=\"container\" data-settings=\"{&quot;background_background&quot;:&quot;classic&quot;}\">\n\t\t\t\t\t<div class=\"e-con-inner\">\n\t\t<div class=\"elementor-element elementor-element-6eb45547 e-con-full animated-fast e-flex elementor-invisible e-con e-child\" data-id=\"6eb45547\" data-element_type=\"container\" data-e-type=\"container\" data-settings=\"{&quot;animation&quot;:&quot;fadeInLeft&quot;}\">\n\t\t\t\t<div class=\"elementor-element elementor-element-6b4b05c4 elementor-widget elementor-widget-heading\" data-id=\"6b4b05c4\" data-element_type=\"widget\" data-e-type=\"widget\" data-widget_type=\"heading.default\">\n\t\t\t\t<div class=\"elementor-widget-container\">\n\t\t\t\t\t<h2 class=\"elementor-heading-title elementor-size-default\">General construction<\/h2>\t\t\t\t<\/div>\n\t\t\t\t<\/div>\n\t\t\t\t<div class=\"elementor-element elementor-element-4f05de38 elementor-widget elementor-widget-text-editor\" data-id=\"4f05de38\" data-element_type=\"widget\" data-e-type=\"widget\" data-widget_type=\"text-editor.default\">\n\t\t\t\t<div class=\"elementor-widget-container\">\n\t\t\t\t\t\t\t\t\t<p>We ensure the safety and durability of our constructions and electrical and plumbing services, through the use of top-quality materials and strict compliance with current regulations, guaranteeing effective and personalized solutions for each of our clients.&nbsp;<\/p>\t\t\t\t\t\t\t\t<\/div>\n\t\t\t\t<\/div>\n\t\t\t\t<\/div>\n\t\t<div class=\"elementor-element elementor-element-1116040e e-con-full animated-fast e-flex elementor-invisible e-con e-child\" data-id=\"1116040e\" data-element_type=\"container\" data-e-type=\"container\" data-settings=\"{&quot;animation&quot;:&quot;fadeInRight&quot;}\">\n\t\t\t\t<div class=\"elementor-element elementor-element-3ad6070d elementor-widget elementor-widget-image\" data-id=\"3ad6070d\" data-element_type=\"widget\" data-e-type=\"widget\" data-widget_type=\"image.default\">\n\t\t\t\t<div class=\"elementor-widget-container\">\n\t\t\t\t\t\t\t\t\t\t\t\t\t\t\t<img loading=\"lazy\" decoding=\"async\" width=\"800\" height=\"533\" src=\"https:\/\/seprolimza.com\/wp-content\/uploads\/2024\/04\/builder-smoothing-the-surface-of-screed-2023-11-27-05-37-13-utc-1024x682.jpg\" class=\"attachment-large size-large wp-image-206\" alt=\"\" srcset=\"https:\/\/seprolimza.com\/wp-content\/uploads\/2024\/04\/builder-smoothing-the-surface-of-screed-2023-11-27-05-37-13-utc-1024x682.jpg 1024w, https:\/\/seprolimza.com\/wp-content\/uploads\/2024\/04\/builder-smoothing-the-surface-of-screed-2023-11-27-05-37-13-utc-300x200.jpg 300w, https:\/\/seprolimza.com\/wp-content\/uploads\/2024\/04\/builder-smoothing-the-surface-of-screed-2023-11-27-05-37-13-utc-768x512.jpg 768w, https:\/\/seprolimza.com\/wp-content\/uploads\/2024\/04\/builder-smoothing-the-surface-of-screed-2023-11-27-05-37-13-utc-1536x1024.jpg 1536w, https:\/\/seprolimza.com\/wp-content\/uploads\/2024\/04\/builder-smoothing-the-surface-of-screed-2023-11-27-05-37-13-utc-2048x1365.jpg 2048w\" sizes=\"(max-width: 800px) 100vw, 800px\" \/>\t\t\t\t\t\t\t\t\t\t\t\t\t\t\t<\/div>\n\t\t\t\t<\/div>\n\t\t\t\t<\/div>\n\t\t\t\t\t<\/div>\n\t\t\t\t<\/div>\n\t\t\t\t<\/div>","protected":false},"excerpt":{"rendered":"<p>Conoce los servicios que tenemos para ti Construcci\u00f3n de albercas Desde la planeaci\u00f3n hasta la implementaci\u00f3n, combinamos experiencia y calidad para ofrecerte el mejor servicio, supervisando cada etapa del proyecto, adapt\u00e1ndonos siempre a tus necesidades y al entorno de tu hogar o negocio. Mantenimiento y diagn\u00f3stico de albercas Brindamos un servicio completo de mantenimiento que [&hellip;]<\/p>\n","protected":false},"author":1,"featured_media":0,"parent":0,"menu_order":0,"comment_status":"closed","ping_status":"closed","template":"elementor_header_footer","meta":{"footnotes":""},"class_list":["post-60","page","type-page","status-publish","hentry"],"_links":{"self":[{"href":"https:\/\/seprolimza.com\/en\/wp-json\/wp\/v2\/pages\/60","targetHints":{"allow":["GET"]}}],"collection":[{"href":"https:\/\/seprolimza.com\/en\/wp-json\/wp\/v2\/pages"}],"about":[{"href":"https:\/\/seprolimza.com\/en\/wp-json\/wp\/v2\/types\/page"}],"author":[{"embeddable":true,"href":"https:\/\/seprolimza.com\/en\/wp-json\/wp\/v2\/users\/1"}],"replies":[{"embeddable":true,"href":"https:\/\/seprolimza.com\/en\/wp-json\/wp\/v2\/comments?post=60"}],"version-history":[{"count":5,"href":"https:\/\/seprolimza.com\/en\/wp-json\/wp\/v2\/pages\/60\/revisions"}],"predecessor-version":[{"id":577,"href":"https:\/\/seprolimza.com\/en\/wp-json\/wp\/v2\/pages\/60\/revisions\/577"}],"wp:attachment":[{"href":"https:\/\/seprolimza.com\/en\/wp-json\/wp\/v2\/media?parent=60"}],"curies":[{"name":"wp","href":"https:\/\/api.w.org\/{rel}","templated":true}]}}