{"id":51,"date":"2024-04-04T16:47:22","date_gmt":"2024-04-04T16:47:22","guid":{"rendered":"https:\/\/seprolimza.com\/about-us\/"},"modified":"2024-08-27T21:31:09","modified_gmt":"2024-08-27T21:31:09","slug":"about-us","status":"publish","type":"page","link":"https:\/\/seprolimza.com\/en\/about-us\/","title":{"rendered":"About Us"},"content":{"rendered":"<div data-elementor-type=\"wp-page\" data-elementor-id=\"51\" class=\"elementor elementor-51\" data-elementor-post-type=\"page\">\n\t\t\t\t<div class=\"elementor-element elementor-element-546ef0c8 e-flex e-con-boxed e-con e-parent\" data-id=\"546ef0c8\" data-element_type=\"container\" data-e-type=\"container\">\n\t\t\t\t\t<div class=\"e-con-inner\">\n\t\t\t\t<div class=\"elementor-element elementor-element-7779ef07 animated-fast elementor-invisible elementor-widget elementor-widget-heading\" data-id=\"7779ef07\" data-element_type=\"widget\" data-e-type=\"widget\" data-settings=\"{&quot;_animation&quot;:&quot;fadeIn&quot;}\" data-widget_type=\"heading.default\">\n\t\t\t\t<div class=\"elementor-widget-container\">\n\t\t\t\t\t<h1 class=\"elementor-heading-title elementor-size-default\">Building trust, since 1995<\/h1>\t\t\t\t<\/div>\n\t\t\t\t<\/div>\n\t\t\t\t\t<\/div>\n\t\t\t\t<\/div>\n\t\t<div class=\"elementor-element elementor-element-73639e9 e-flex e-con-boxed e-con e-parent\" data-id=\"73639e9\" data-element_type=\"container\" data-e-type=\"container\" data-settings=\"{&quot;background_background&quot;:&quot;classic&quot;}\">\n\t\t\t\t\t<div class=\"e-con-inner\">\n\t\t<div class=\"elementor-element elementor-element-1ece6f3 e-con-full animated-fast e-flex elementor-invisible e-con e-child\" data-id=\"1ece6f3\" data-element_type=\"container\" data-e-type=\"container\" data-settings=\"{&quot;animation&quot;:&quot;fadeInRight&quot;}\">\n\t\t\t\t<div class=\"elementor-element elementor-element-f764070 elementor-widget elementor-widget-text-editor\" data-id=\"f764070\" data-element_type=\"widget\" data-e-type=\"widget\" data-widget_type=\"text-editor.default\">\n\t\t\t\t<div class=\"elementor-widget-container\">\n\t\t\t\t\t\t\t\t\t<p>\u00a0<\/p><p>Our story at Seprolimza is a story that spans decades, marked by a journey of persistence, evolution and success on the island of Cozumel. Since our humble beginnings in 1995, we have charted a path full of challenges and triumphs, forging a notable business legacy in our local community.<\/p><p>The early days of Seprolimza were characterized by the manufacture of basic chemical products, such as flavorings and stove degreasers. At that time, we operated from a modest location on South First Street, between 15th and 20th Streets, where our entrepreneurial vision and hard work were the fundamental pillars of our nascent growth.<\/p><p>As we consolidated our presence in the local market, the need arose to diversify our operations to meet the changing demands of our customers and the constantly evolving business environment. That's when we expanded our range of products and services, including wholesale of chemicals and our foray into pool construction and maintenance.<\/p>\t\t\t\t\t\t\t\t<\/div>\n\t\t\t\t<\/div>\n\t\t\t\t<\/div>\n\t\t<div class=\"elementor-element elementor-element-8cfc882 e-con-full animated-fast e-flex elementor-invisible e-con e-child\" data-id=\"8cfc882\" data-element_type=\"container\" data-e-type=\"container\" data-settings=\"{&quot;animation&quot;:&quot;fadeInLeft&quot;}\">\n\t\t\t\t<div class=\"elementor-element elementor-element-0ef802e elementor-widget elementor-widget-image\" data-id=\"0ef802e\" data-element_type=\"widget\" data-e-type=\"widget\" data-widget_type=\"image.default\">\n\t\t\t\t<div class=\"elementor-widget-container\">\n\t\t\t\t\t\t\t\t\t\t\t\t\t\t\t<img fetchpriority=\"high\" decoding=\"async\" width=\"800\" height=\"483\" src=\"https:\/\/seprolimza.com\/wp-content\/uploads\/2024\/04\/servicio1.jpg\" class=\"attachment-large size-large wp-image-279\" alt=\"\" srcset=\"https:\/\/seprolimza.com\/wp-content\/uploads\/2024\/04\/servicio1.jpg 1000w, https:\/\/seprolimza.com\/wp-content\/uploads\/2024\/04\/servicio1-300x181.jpg 300w, https:\/\/seprolimza.com\/wp-content\/uploads\/2024\/04\/servicio1-768x464.jpg 768w\" sizes=\"(max-width: 800px) 100vw, 800px\" \/>\t\t\t\t\t\t\t\t\t\t\t\t\t\t\t<\/div>\n\t\t\t\t<\/div>\n\t\t\t\t<\/div>\n\t\t\t\t\t<\/div>\n\t\t\t\t<\/div>\n\t\t<div class=\"elementor-element elementor-element-31310cf e-flex e-con-boxed e-con e-parent\" data-id=\"31310cf\" data-element_type=\"container\" data-e-type=\"container\" data-settings=\"{&quot;background_background&quot;:&quot;classic&quot;}\">\n\t\t\t\t\t<div class=\"e-con-inner\">\n\t\t<div class=\"elementor-element elementor-element-5dc2e1a e-con-full e-flex e-con e-child\" data-id=\"5dc2e1a\" data-element_type=\"container\" data-e-type=\"container\">\n\t\t\t\t<div class=\"elementor-element elementor-element-a34cd24 elementor-widget elementor-widget-text-editor\" data-id=\"a34cd24\" data-element_type=\"widget\" data-e-type=\"widget\" data-widget_type=\"text-editor.default\">\n\t\t\t\t<div class=\"elementor-widget-container\">\n\t\t\t\t\t\t\t\t\t<p>The foray into pool construction was a significant turning point for us at SeProlimza, since the demand for such services was on the rise due to the tourism boom that Cozumel was experiencing in those years. With a focus on quality and excellence in service, we quickly earned a reputation as leaders in the pool construction and maintenance sector on the island and in the Riviera Maya, where we have built more than 600 pools in residences, beach clubs and hotels.<\/p><p>In addition to our success in the construction sector, we also venture into remodeling and construction projects in Cozumel and its surrounding areas. From electrical installations to dock construction and boat drinking water supply systems, we demonstrate our ability to adapt and excel in various areas of construction and maintenance.<\/p>\t\t\t\t\t\t\t\t<\/div>\n\t\t\t\t<\/div>\n\t\t\t\t<\/div>\n\t\t<div class=\"elementor-element elementor-element-39d7dc8 e-con-full e-flex e-con e-child\" data-id=\"39d7dc8\" data-element_type=\"container\" data-e-type=\"container\">\n\t\t\t\t<div class=\"elementor-element elementor-element-d10ad89 elementor-widget elementor-widget-image\" data-id=\"d10ad89\" data-element_type=\"widget\" data-e-type=\"widget\" data-widget_type=\"image.default\">\n\t\t\t\t<div class=\"elementor-widget-container\">\n\t\t\t\t\t\t\t\t\t\t\t\t\t\t\t<img decoding=\"async\" width=\"745\" height=\"559\" src=\"https:\/\/seprolimza.com\/wp-content\/uploads\/2024\/04\/servicio2.jpg\" class=\"attachment-large size-large wp-image-281\" alt=\"\" srcset=\"https:\/\/seprolimza.com\/wp-content\/uploads\/2024\/04\/servicio2.jpg 745w, https:\/\/seprolimza.com\/wp-content\/uploads\/2024\/04\/servicio2-300x225.jpg 300w\" sizes=\"(max-width: 745px) 100vw, 745px\" \/>\t\t\t\t\t\t\t\t\t\t\t\t\t\t\t<\/div>\n\t\t\t\t<\/div>\n\t\t\t\t<\/div>\n\t\t\t\t\t<\/div>\n\t\t\t\t<\/div>\n\t\t<div class=\"elementor-element elementor-element-99e2db1 e-flex e-con-boxed e-con e-parent\" data-id=\"99e2db1\" data-element_type=\"container\" data-e-type=\"container\" data-settings=\"{&quot;background_background&quot;:&quot;classic&quot;}\">\n\t\t\t\t\t<div class=\"e-con-inner\">\n\t\t<div class=\"elementor-element elementor-element-d518131 e-con-full animated-fast e-flex elementor-invisible e-con e-child\" data-id=\"d518131\" data-element_type=\"container\" data-e-type=\"container\" data-settings=\"{&quot;animation&quot;:&quot;fadeInRight&quot;}\">\n\t\t\t\t<div class=\"elementor-element elementor-element-7c23240 elementor-widget elementor-widget-text-editor\" data-id=\"7c23240\" data-element_type=\"widget\" data-e-type=\"widget\" data-widget_type=\"text-editor.default\">\n\t\t\t\t<div class=\"elementor-widget-container\">\n\t\t\t\t\t\t\t\t\t<p>Over time, at Seprolimza we became a pillar in the Cozumel business community, establishing strong relationships with our clients, business partners and the community in general. Our commitment to quality, integrity and customer satisfaction has been critical to our continued success over the years.<\/p><p>Today, we continue our legacy of excellence and growth, exploring new expansion and diversification opportunities for Seprolimza. From opening a new store to expanding our services to other areas of the island, we continue to be a symbol of innovation and progress in the Cozumel business community. With our eyes set on the future, we are preparing to face future challenges with the same determination and dedication that has characterized our journey so far.<\/p>\t\t\t\t\t\t\t\t<\/div>\n\t\t\t\t<\/div>\n\t\t\t\t<\/div>\n\t\t<div class=\"elementor-element elementor-element-6916e57 e-con-full animated-fast e-flex elementor-invisible e-con e-child\" data-id=\"6916e57\" data-element_type=\"container\" data-e-type=\"container\" data-settings=\"{&quot;animation&quot;:&quot;fadeInLeft&quot;}\">\n\t\t\t\t<div class=\"elementor-element elementor-element-cd504bb elementor-widget elementor-widget-image\" data-id=\"cd504bb\" data-element_type=\"widget\" data-e-type=\"widget\" data-widget_type=\"image.default\">\n\t\t\t\t<div class=\"elementor-widget-container\">\n\t\t\t\t\t\t\t\t\t\t\t\t\t\t\t<img decoding=\"async\" width=\"768\" height=\"1024\" src=\"https:\/\/seprolimza.com\/wp-content\/uploads\/2024\/04\/swimming-pool-2023-11-27-05-33-08-utc-768x1024.jpg\" class=\"attachment-large size-large wp-image-370\" alt=\"\" srcset=\"https:\/\/seprolimza.com\/wp-content\/uploads\/2024\/04\/swimming-pool-2023-11-27-05-33-08-utc-768x1024.jpg 768w, https:\/\/seprolimza.com\/wp-content\/uploads\/2024\/04\/swimming-pool-2023-11-27-05-33-08-utc-225x300.jpg 225w, https:\/\/seprolimza.com\/wp-content\/uploads\/2024\/04\/swimming-pool-2023-11-27-05-33-08-utc-1152x1536.jpg 1152w, https:\/\/seprolimza.com\/wp-content\/uploads\/2024\/04\/swimming-pool-2023-11-27-05-33-08-utc-1536x2048.jpg 1536w, https:\/\/seprolimza.com\/wp-content\/uploads\/2024\/04\/swimming-pool-2023-11-27-05-33-08-utc-scaled.jpg 1920w\" sizes=\"(max-width: 768px) 100vw, 768px\" \/>\t\t\t\t\t\t\t\t\t\t\t\t\t\t\t<\/div>\n\t\t\t\t<\/div>\n\t\t\t\t<\/div>\n\t\t\t\t\t<\/div>\n\t\t\t\t<\/div>\n\t\t<div class=\"elementor-element elementor-element-5fe84d11 e-flex e-con-boxed e-con e-parent\" data-id=\"5fe84d11\" data-element_type=\"container\" data-e-type=\"container\" data-settings=\"{&quot;background_background&quot;:&quot;classic&quot;}\">\n\t\t\t\t\t<div class=\"e-con-inner\">\n\t\t\t\t<div class=\"elementor-element elementor-element-20bdbe84 elementor-invisible elementor-widget elementor-widget-heading\" data-id=\"20bdbe84\" data-element_type=\"widget\" data-e-type=\"widget\" data-settings=\"{&quot;_animation&quot;:&quot;fadeIn&quot;}\" data-widget_type=\"heading.default\">\n\t\t\t\t<div class=\"elementor-widget-container\">\n\t\t\t\t\t<h2 class=\"elementor-heading-title elementor-size-default\">Our clients<\/h2>\t\t\t\t<\/div>\n\t\t\t\t<\/div>\n\t\t\t\t<div class=\"elementor-element elementor-element-fa557e7 animated-fast elementor-arrows-position-inside elementor-pagination-position-outside elementor-invisible elementor-widget elementor-widget-image-carousel\" data-id=\"fa557e7\" data-element_type=\"widget\" data-e-type=\"widget\" data-settings=\"{&quot;_animation&quot;:&quot;fadeInUp&quot;,&quot;navigation&quot;:&quot;both&quot;,&quot;autoplay&quot;:&quot;yes&quot;,&quot;pause_on_hover&quot;:&quot;yes&quot;,&quot;pause_on_interaction&quot;:&quot;yes&quot;,&quot;autoplay_speed&quot;:5000,&quot;infinite&quot;:&quot;yes&quot;,&quot;speed&quot;:500}\" data-widget_type=\"image-carousel.default\">\n\t\t\t\t<div class=\"elementor-widget-container\">\n\t\t\t\t\t\t\t<div class=\"elementor-image-carousel-wrapper swiper\" role=\"region\" aria-roledescription=\"carousel\" aria-label=\"Carrusel de Im\u00e1genes\" dir=\"ltr\">\n\t\t\t<div class=\"elementor-image-carousel swiper-wrapper\" aria-live=\"off\">\n\t\t\t\t\t\t\t\t<div class=\"swiper-slide\" role=\"group\" aria-roledescription=\"slide\" aria-label=\"1 de 8\"><figure class=\"swiper-slide-inner\"><img decoding=\"async\" class=\"swiper-slide-image\" src=\"https:\/\/seprolimza.com\/wp-content\/uploads\/2024\/04\/sanfranciscopng-300x225.webp\" alt=\"sanfranciscopng\" \/><\/figure><\/div><div class=\"swiper-slide\" role=\"group\" aria-roledescription=\"slide\" aria-label=\"2 de 8\"><figure class=\"swiper-slide-inner\"><img decoding=\"async\" class=\"swiper-slide-image\" src=\"https:\/\/seprolimza.com\/wp-content\/uploads\/2024\/04\/paradisepng-300x225.jpeg\" alt=\"paradisepng\" \/><\/figure><\/div><div class=\"swiper-slide\" role=\"group\" aria-roledescription=\"slide\" aria-label=\"3 de 8\"><figure class=\"swiper-slide-inner\"><img decoding=\"async\" class=\"swiper-slide-image\" src=\"https:\/\/seprolimza.com\/wp-content\/uploads\/2024\/04\/mrsanchospng-300x225.webp\" alt=\"mrsanchospng\" \/><\/figure><\/div><div class=\"swiper-slide\" role=\"group\" aria-roledescription=\"slide\" aria-label=\"4 de 8\"><figure class=\"swiper-slide-inner\"><img decoding=\"async\" class=\"swiper-slide-image\" src=\"https:\/\/seprolimza.com\/wp-content\/uploads\/2024\/04\/moneybarpng-300x225.jpeg\" alt=\"moneybarpng\" \/><\/figure><\/div><div class=\"swiper-slide\" role=\"group\" aria-roledescription=\"slide\" aria-label=\"5 de 8\"><figure class=\"swiper-slide-inner\"><img decoding=\"async\" class=\"swiper-slide-image\" src=\"https:\/\/seprolimza.com\/wp-content\/uploads\/2024\/04\/fiestainnpng-300x225.webp\" alt=\"fiestainnpng\" \/><\/figure><\/div><div class=\"swiper-slide\" role=\"group\" aria-roledescription=\"slide\" aria-label=\"6 de 8\"><figure class=\"swiper-slide-inner\"><img decoding=\"async\" class=\"swiper-slide-image\" src=\"https:\/\/seprolimza.com\/wp-content\/uploads\/2024\/04\/diamondpng-300x225.webp\" alt=\"diamondpng\" \/><\/figure><\/div><div class=\"swiper-slide\" role=\"group\" aria-roledescription=\"slide\" aria-label=\"7 de 8\"><figure class=\"swiper-slide-inner\"><img decoding=\"async\" class=\"swiper-slide-image\" src=\"https:\/\/seprolimza.com\/wp-content\/uploads\/2024\/04\/cidpng-300x225.webp\" alt=\"cidpng\" \/><\/figure><\/div><div class=\"swiper-slide\" role=\"group\" aria-roledescription=\"slide\" aria-label=\"8 de 8\"><figure class=\"swiper-slide-inner\"><img decoding=\"async\" class=\"swiper-slide-image\" src=\"https:\/\/seprolimza.com\/wp-content\/uploads\/2024\/04\/cedralpng-300x225.webp\" alt=\"cedralpng\" \/><\/figure><\/div>\t\t\t<\/div>\n\t\t\t\t\t\t\t\t\t\t\t\t<div class=\"elementor-swiper-button elementor-swiper-button-prev\" role=\"button\" tabindex=\"0\">\n\t\t\t\t\t\t<svg aria-hidden=\"true\" class=\"e-font-icon-svg e-eicon-chevron-left\" viewbox=\"0 0 1000 1000\" xmlns=\"http:\/\/www.w3.org\/2000\/svg\"><path d=\"M646 125C629 125 613 133 604 142L308 442C296 454 292 471 292 487 292 504 296 521 308 533L604 854C617 867 629 875 646 875 663 875 679 871 692 858 704 846 713 829 713 812 713 796 708 779 692 767L438 487 692 225C700 217 708 204 708 187 708 171 704 154 692 142 675 129 663 125 646 125Z\"><\/path><\/svg>\t\t\t\t\t<\/div>\n\t\t\t\t\t<div class=\"elementor-swiper-button elementor-swiper-button-next\" role=\"button\" tabindex=\"0\">\n\t\t\t\t\t\t<svg aria-hidden=\"true\" class=\"e-font-icon-svg e-eicon-chevron-right\" viewbox=\"0 0 1000 1000\" xmlns=\"http:\/\/www.w3.org\/2000\/svg\"><path d=\"M696 533C708 521 713 504 713 487 713 471 708 454 696 446L400 146C388 133 375 125 354 125 338 125 325 129 313 142 300 154 292 171 292 187 292 204 296 221 308 233L563 492 304 771C292 783 288 800 288 817 288 833 296 850 308 863 321 871 338 875 354 875 371 875 388 867 400 854L696 533Z\"><\/path><\/svg>\t\t\t\t\t<\/div>\n\t\t\t\t\n\t\t\t\t\t\t\t\t\t<div class=\"swiper-pagination\"><\/div>\n\t\t\t\t\t\t\t\t\t<\/div>\n\t\t\t\t\t\t<\/div>\n\t\t\t\t<\/div>\n\t\t\t\t\t<\/div>\n\t\t\t\t<\/div>\n\t\t\t\t<\/div>","protected":false},"excerpt":{"rendered":"<p>Cimentando la confianza, desde 1995 \u00a0 Nuestra historia en Seprolimza es un relato que abarca d\u00e9cadas, marcado por un viaje de persistencia, evoluci\u00f3n y \u00e9xitos en la isla de Cozumel. Desde nuestros humildes comienzos en 1995, hemos trazado un camino lleno de desaf\u00edos y triunfos, forjando un notable legado empresarial en nuestra comunidad local. Los [&hellip;]<\/p>\n","protected":false},"author":1,"featured_media":0,"parent":0,"menu_order":0,"comment_status":"closed","ping_status":"closed","template":"elementor_header_footer","meta":{"footnotes":""},"class_list":["post-51","page","type-page","status-publish","hentry"],"_links":{"self":[{"href":"https:\/\/seprolimza.com\/en\/wp-json\/wp\/v2\/pages\/51","targetHints":{"allow":["GET"]}}],"collection":[{"href":"https:\/\/seprolimza.com\/en\/wp-json\/wp\/v2\/pages"}],"about":[{"href":"https:\/\/seprolimza.com\/en\/wp-json\/wp\/v2\/types\/page"}],"author":[{"embeddable":true,"href":"https:\/\/seprolimza.com\/en\/wp-json\/wp\/v2\/users\/1"}],"replies":[{"embeddable":true,"href":"https:\/\/seprolimza.com\/en\/wp-json\/wp\/v2\/comments?post=51"}],"version-history":[{"count":5,"href":"https:\/\/seprolimza.com\/en\/wp-json\/wp\/v2\/pages\/51\/revisions"}],"predecessor-version":[{"id":590,"href":"https:\/\/seprolimza.com\/en\/wp-json\/wp\/v2\/pages\/51\/revisions\/590"}],"wp:attachment":[{"href":"https:\/\/seprolimza.com\/en\/wp-json\/wp\/v2\/media?parent=51"}],"curies":[{"name":"wp","href":"https:\/\/api.w.org\/{rel}","templated":true}]}}